{"id":1063,"date":"2025-03-04T13:31:02","date_gmt":"2025-03-04T13:31:02","guid":{"rendered":"https:\/\/statistics-guide.com\/?page_id=1063"},"modified":"2025-06-11T17:53:29","modified_gmt":"2025-06-11T17:53:29","slug":"innehalten","status":"publish","type":"page","link":"https:\/\/statistics-guide.com\/en\/innehalten\/","title":{"rendered":"Stress ad\u00e9"},"content":{"rendered":"\n<p><em>\u201cDen Puls des eigenen Herzens f\u00fchlen. Ruhe im Innern, Ruhe im \u00c4u\u00dfern. Wieder Atem holen lernen, das ist es.\u201d (Christian Morgenstern)<\/em><\/p>\n\n\n\n<p>Der Alltag \u2013 besonders w\u00e4hrend der Abschlussarbeit \u2013 kann hektisch und \u00fcberw\u00e4ltigend sein. Oft hetzen wir von einer Aufgabe zur n\u00e4chsten und versuchen, alles gleichzeitig zu erledigen. Unser K\u00f6rper ist angespannt, unsere Gedanken kreisen unaufh\u00f6rlich.&nbsp; Wie ein wilder Affe springen sie durch unseren Kopf, erf\u00fcllen uns mit Sorgen und g\u00f6nnen uns keinen Moment der Ruhe und Stille.<\/p>\n\n\n\n<p>Ich lade dich ein, innezuhalten. Mit meiner Unterst\u00fctzung lernst du, aus dem Gedankenkarussell auszusteigen und K\u00f6rper sowie Geist zur Ruhe kommen zu lassen. Mit Hilfe verschiedener, einfach anzuwendender Methoden l\u00f6sen wir Stress, beruhigen das Nervensystem und gewinnen wieder Klarheit.<\/p>\n\n\n\n<p>Auf diesem Weg d\u00fcrfen wir erkennen, dass es nicht unser Normalzustand ist, gestresst, frustriert und ausgebrannt geradeso bis zum n\u00e4chsten Urlaub durchzukommen. Sondern, dass wir hier sind, um jeden Tag voller Lebendigkeit und Freude zu genie\u00dfen. Ich begleite dich auf diesem wundervollen Weg.<\/p>\n\n\n\n<h3 class=\"wp-block-heading\">Aktuelle Termine:<\/h3>\n\n\n\n<p><\/p>\n\n\n\n<h5 class=\"wp-block-heading\"><a href=\"https:\/\/vogelwelt-entdecken.de\/raus-aus-dem-hamsterrad-rein-ins-leben\">Raus aus dem Hamsterrad &#8211; Rein ins Leben!<\/a><\/h5>\n\n\n\n<p>Online-Gruppentraining (8 Wochen)<br>Kursstart: 25.06.2025<\/p>\n\n\n\n<h5 class=\"wp-block-heading\"><a href=\"https:\/\/statistics-guide.com\/autogenes-training\/\"><strong>Autogenes Training<\/strong> <strong>f\u00fcr mehr Innere Ruhe, Gelassenheit &amp; Klarheit<\/strong><\/a><\/h5>\n\n\n\n<p>Online-Gruppentraining (7 Wochen)<br>Kursstart: 20.03.2025<\/p>\n\n\n<p><!-- Begin Brevo Form --><br \/>\n<!-- START - We recommend to place the below code in head tag of your website html  --><\/p>\n<style>\n  @font-face {\n    font-display: block;\n    font-family: Roboto;\n    src: url(https:\/\/assets.brevo.com\/font\/Roboto\/Latin\/normal\/normal\/7529907e9eaf8ebb5220c5f9850e3811.woff2) format(\"woff2\"), url(https:\/\/assets.brevo.com\/font\/Roboto\/Latin\/normal\/normal\/25c678feafdc175a70922a116c9be3e7.woff) format(\"woff\")\n  }<\/p>\n<p>  @font-face {\n    font-display: fallback;\n    font-family: Roboto;\n    font-weight: 600;\n    src: url(https:\/\/assets.brevo.com\/font\/Roboto\/Latin\/medium\/normal\/6e9caeeafb1f3491be3e32744bc30440.woff2) format(\"woff2\"), url(https:\/\/assets.brevo.com\/font\/Roboto\/Latin\/medium\/normal\/71501f0d8d5aa95960f6475d5487d4c2.woff) format(\"woff\")\n  }<\/p>\n<p>  @font-face {\n    font-display: fallback;\n    font-family: Roboto;\n    font-weight: 700;\n    src: url(https:\/\/assets.brevo.com\/font\/Roboto\/Latin\/bold\/normal\/3ef7cf158f310cf752d5ad08cd0e7e60.woff2) format(\"woff2\"), url(https:\/\/assets.brevo.com\/font\/Roboto\/Latin\/bold\/normal\/ece3a1d82f18b60bcce0211725c476aa.woff) format(\"woff\")\n  }<\/p>\n<p>  #sib-container input:-ms-input-placeholder {\n    text-align: left;\n    font-family: Helvetica, sans-serif;\n    color: #c0ccda;\n  }<\/p>\n<p>  #sib-container input::placeholder {\n    text-align: left;\n    font-family: Helvetica, sans-serif;\n    color: #c0ccda;\n  }<\/p>\n<p>  #sib-container textarea::placeholder {\n    text-align: left;\n    font-family: Helvetica, sans-serif;\n    color: #c0ccda;\n  }<\/p>\n<p>  #sib-container a {\n    text-decoration: underline;\n    color: #2BB2FC;\n  }\n<\/style>\n<link rel=\"stylesheet\" href=\"https:\/\/sibforms.com\/forms\/end-form\/build\/sib-styles.css\">\n<!--  END - We recommend to place the above code in head tag of your website html --><\/p>\n<p><!-- START - We recommend to place the below code where you want the form in your website html  --><\/p>\n<div class=\"sib-form\" style=\"text-align: center;\n         background-color: #ffffff;                                 \"><\/p>\n<div id=\"sib-form-container\" class=\"sib-form-container\">\n<div id=\"error-message\" class=\"sib-form-message-panel\" style=\"font-size:16px; text-align:left; font-family:Helvetica, sans-serif; color:#661d1d; background-color:#ffeded; border-radius:3px; border-color:#ff4949;max-width:540px;\">\n<div class=\"sib-form-message-panel__text sib-form-message-panel__text--center\">\n        <svg viewBox=\"0 0 512 512\" class=\"sib-icon sib-notification__icon\">\n          <path d=\"M256 40c118.621 0 216 96.075 216 216 0 119.291-96.61 216-216 216-119.244 0-216-96.562-216-216 0-119.203 96.602-216 216-216m0-32C119.043 8 8 119.083 8 256c0 136.997 111.043 248 248 248s248-111.003 248-248C504 119.083 392.957 8 256 8zm-11.49 120h22.979c6.823 0 12.274 5.682 11.99 12.5l-7 168c-.268 6.428-5.556 11.5-11.99 11.5h-8.979c-6.433 0-11.722-5.073-11.99-11.5l-7-168c-.283-6.818 5.167-12.5 11.99-12.5zM256 340c-15.464 0-28 12.536-28 28s12.536 28 28 28 28-12.536 28-28-12.536-28-28-28z\" \/>\n        <\/svg><br \/>\n        <span class=\"sib-form-message-panel__inner-text\"><br \/>\n                          Deine Anmeldung konnte nicht gespeichert werden. Bitte versuche es erneut.<br \/>\n                      <\/span>\n      <\/div>\n<\/p><\/div>\n<div><\/div>\n<div id=\"success-message\" class=\"sib-form-message-panel\" style=\"font-size:16px; text-align:left; font-family:Helvetica, sans-serif; color:#085229; background-color:#e7faf0; border-radius:3px; border-color:#13ce66;max-width:540px;\">\n<div class=\"sib-form-message-panel__text sib-form-message-panel__text--center\">\n        <svg viewBox=\"0 0 512 512\" class=\"sib-icon sib-notification__icon\">\n          <path d=\"M256 8C119.033 8 8 119.033 8 256s111.033 248 248 248 248-111.033 248-248S392.967 8 256 8zm0 464c-118.664 0-216-96.055-216-216 0-118.663 96.055-216 216-216 118.664 0 216 96.055 216 216 0 118.663-96.055 216-216 216zm141.63-274.961L217.15 376.071c-4.705 4.667-12.303 4.637-16.97-.068l-85.878-86.572c-4.667-4.705-4.637-12.303.068-16.97l8.52-8.451c4.705-4.667 12.303-4.637 16.97.068l68.976 69.533 163.441-162.13c4.705-4.667 12.303-4.637 16.97.068l8.451 8.52c4.668 4.705 4.637 12.303-.068 16.97z\" \/>\n        <\/svg><br \/>\n        <span class=\"sib-form-message-panel__inner-text\"><br \/>\n                          Danke f\u00fcr deine Anmeldung.<br \/>\n                      <\/span>\n      <\/div>\n<\/p><\/div>\n<div><\/div>\n<div id=\"sib-container\" class=\"sib-container--large sib-container--vertical\" style=\"text-align:center; background-color:rgba(208,231,191,1); max-width:540px; border-radius:3px; border-width:0px; border-color:#C0CCD9; border-style:solid; direction:ltr\">\n<form id=\"sib-form\" method=\"POST\" action=\"https:\/\/ed617d84.sibforms.com\/serve\/MUIFAKn1_otDSHocS12GZNy1xb8SKRpjnmHs6PbuTZXDATG5yCoI5gOuu0tfivLx2jYpja84rHU5rjs6w_FkqQjtM4N1tS0_jotcDk_QD0olWVcJ4YbYEATkHGTWfdFPgWSlvlZKoXWjHmcWNVve_DW0oPczgiqDd5BexHQ-FNvmuEP3qKZ_gBKpFMb60LT8sfdFB4zMmG0GVKV8\" data-type=\"subscription\">\n<div style=\"padding: 8px 0;\">\n<div class=\"sib-form-block\" style=\"font-size:32px; text-align:left; font-weight:700; font-family:Helvetica, sans-serif; color:#3C4858; background-color:transparent; text-align:left\">\n<p>Lausche der Natur &#8211; Newsletter<\/p>\n<\/p><\/div>\n<\/p><\/div>\n<div style=\"padding: 8px 0;\">\n<div class=\"sib-form-block\" style=\"font-size:16px; text-align:left; font-family:&quot;Lucida Grande&quot;, sans-serif; color:#3C4858; background-color:transparent; text-align:left\">\n<div class=\"sib-text-form-block\">\n<p>Frei und unbeschwert leben wie ein Vogel mit unserem Newsletter. Melde dich an, um \u00fcber neue Programme und Produkte informiert zu werden.<\/p>\n<\/p><\/div>\n<\/p><\/div>\n<\/p><\/div>\n<div style=\"padding: 8px 0;\">\n<div class=\"sib-input sib-form-block\">\n<div class=\"form__entry entry_block\">\n<div class=\"form__label-row \">\n                <label class=\"entry__label\" style=\"font-weight: 700; text-align:left; font-size:16px; text-align:left; font-weight:700; font-family:Helvetica, sans-serif; color:#3c4858;\" for=\"EMAIL\" data-required=\"*\">Gib deine E-Mail-Adresse ein, um dich anzumelden<\/label><\/p>\n<div class=\"entry__field\">\n                  <input class=\"input \" type=\"text\" id=\"EMAIL\" name=\"EMAIL\" autocomplete=\"off\" placeholder=\"E-Mail\" data-required=\"true\" required \/>\n                <\/div>\n<\/p><\/div>\n<p>              <label class=\"entry__error entry__error--primary\" style=\"font-size:16px; text-align:left; font-family:Helvetica, sans-serif; color:#661d1d; background-color:#ffeded; border-radius:3px; border-color:#ff4949;\"><br \/>\n              <\/label><br \/>\n              <label class=\"entry__specification\" style=\"font-size:12px; text-align:left; font-family:Helvetica, sans-serif; color:#8390A4; text-align:left\"><br \/>\n                z.B. jutta.proch@beispiel.de<br \/>\n              <\/label>\n            <\/div>\n<\/p><\/div>\n<\/p><\/div>\n<div style=\"padding: 8px 0;\">\n<div class=\"sib-optin sib-form-block\" data-required=\"true\">\n<div class=\"form__entry entry_mcq\">\n<div class=\"form__label-row \">\n                <label class=\"entry__label\" style=\"font-weight: 700; text-align:left; font-size:16px; text-align:left; font-weight:700; font-family:Helvetica, sans-serif; color:#3c4858;\" for=\"OPT_IN\" data-required=\"*\">Opt-in<\/label><\/p>\n<div class=\"entry__choice\" style=\"\">\n                  <label><br \/>\n                    <input type=\"checkbox\" class=\"input_replaced\" value=\"1\" id=\"OPT_IN\" name=\"OPT_IN\" required \/><br \/>\n                    <span class=\"checkbox checkbox_tick_positive\"\n            style=\"margin-left:\"\n            ><\/span><span style=\"font-size:14px; text-align:left; font-family:Helvetica, sans-serif; color:#3C4858; background-color:transparent;\"><\/p>\n<p>Ich m\u00f6chte euren Newsletter erhalten und akzeptiere die Datenschutzerkl\u00e4rung (https:\/\/lausche-der-natur.de\/datenschutzerklaerung). Nach der Anmeldung erh\u00e4ltst du eine E-Mail mit Best\u00e4tigungslink. Erst nach der Best\u00e4tigung ist die Anmeldung abgeschlossen.&nbsp;<\/p>\n<p><\/span> <\/label>\n                <\/div>\n<\/p><\/div>\n<p>              <label class=\"entry__error entry__error--primary\" style=\"font-size:16px; text-align:left; font-family:Helvetica, sans-serif; color:#661d1d; background-color:#ffeded; border-radius:3px; border-color:#ff4949;\"><br \/>\n              <\/label><br \/>\n              <label class=\"entry__specification\" style=\"font-size:12px; text-align:left; font-family:Helvetica, sans-serif; color:#8390A4; text-align:left\"><br \/>\n                Deine E-Mail-Adresse wird ausschlie\u00dflich daf\u00fcr genutzt, dir unseren Newsletter zu senden. Du kannst dich jederzeit \u00fcber den in jeder E-Mail enthaltenen Link abmelden.<br \/>\n              <\/label>\n            <\/div>\n<\/p><\/div>\n<\/p><\/div>\n<div style=\"padding: 8px 0;\">\n<div class=\"sib-form-block\" style=\"text-align: left\">\n            <button class=\"sib-form-block__button sib-form-block__button-with-loader\" style=\"font-size:16px; text-align:left; font-weight:700; font-family:Helvetica, sans-serif; color:#FFFFFF; background-color:#3E4857; border-radius:3px; border-width:0px;\" form=\"sib-form\" type=\"submit\"><br \/>\n              <svg class=\"icon clickable__icon progress-indicator__icon sib-hide-loader-icon\" viewBox=\"0 0 512 512\" style=\"\">\n                <path d=\"M460.116 373.846l-20.823-12.022c-5.541-3.199-7.54-10.159-4.663-15.874 30.137-59.886 28.343-131.652-5.386-189.946-33.641-58.394-94.896-95.833-161.827-99.676C261.028 55.961 256 50.751 256 44.352V20.309c0-6.904 5.808-12.337 12.703-11.982 83.556 4.306 160.163 50.864 202.11 123.677 42.063 72.696 44.079 162.316 6.031 236.832-3.14 6.148-10.75 8.461-16.728 5.01z\" \/>\n              <\/svg><br \/>\n              ANMELDEN<br \/>\n            <\/button>\n          <\/div>\n<\/p><\/div>\n<p>        <input type=\"text\" name=\"email_address_check\" value=\"\" class=\"input--hidden\"><br \/>\n        <input type=\"hidden\" name=\"locale\" value=\"de\"><br \/>\n      <\/form>\n<\/p><\/div>\n<\/p><\/div>\n<\/div>\n<p><!-- END - We recommend to place the above code where you want the form in your website html  --><\/p>\n<p><!-- START - We recommend to place the below code in footer or bottom of your website html  --><br \/>\n<script>\n  window.REQUIRED_CODE_ERROR_MESSAGE = 'W\u00e4hle bitte einen L\u00e4ndervorwahl aus.';\n  window.LOCALE = 'de';\n  window.EMAIL_INVALID_MESSAGE = window.SMS_INVALID_MESSAGE = \"Die eingegebenen Informationen sind nicht g\u00fcltig. Bitte \u00fcberpr\u00fcfe deine Angaben und versuche es erneut.\";<\/p>\n<p>  window.REQUIRED_ERROR_MESSAGE = \"Bitte ausf\u00fcllen! \";<\/p>\n<p>  window.GENERIC_INVALID_MESSAGE = \"Die eingegebenen Informationen sind nicht g\u00fcltig. Bitte \u00fcberpr\u00fcfe deine Angaben und versuche es erneut.\";<\/p>\n<p>  window.translation = {\n    common: {\n      selectedList: '{quantity} Liste ausgew\u00e4hlt',\n      selectedLists: '{quantity} Listen ausgew\u00e4hlt',\n      selectedOption: '{quantity} ausgew\u00e4hlt',\n      selectedOptions: '{quantity} ausgew\u00e4hlt',\n    }\n  };<\/p>\n<p>  var AUTOHIDE = Boolean(0);\n<\/script><\/p>\n<p><script defer src=\"https:\/\/sibforms.com\/forms\/end-form\/build\/main.js\"><\/script><\/p>\n<p><!-- END - We recommend to place the above code in footer or bottom of your website html  --><br \/>\n<!-- End Brevo Form --><\/p>\n\n\n\n<h5 class=\"wp-block-heading\"><\/h5>\n\n\n\n<p><\/p>\n\n\n\n<figure class=\"wp-block-image size-large\"><img decoding=\"async\" src=\"https:\/\/statistics-guide.com\/wp-content\/uploads\/2025\/03\/Flamingo-802x1024.jpg\" alt=\"\" class=\"wp-image-1064\"\/><\/figure>\n\n\n\n<p><em>\u201eWahre Stille ist nicht die Abwesenheit von Ger\u00e4uschen im Au\u00dfen. Wahre Stille erfahren wir dann, wenn der Geist zur Ruhe kommt und der L\u00e4rm unserer Gedanken verklingt. Es ist diese Stille, in der wir die Melodie des Herzens zu h\u00f6ren verm\u00f6gen und die Bewegung des Lebens beginnt. Es ist diese Stille, in der die Lebensfreude und die Liebe erwacht und wir uns leicht und lebendig f\u00fchlen.\u201c<\/em> (Dr. Jutta Proch)<\/p>\n\n\n\n<h3 class=\"wp-block-heading\"><\/h3>\n\n\n\n<p><\/p>\n","protected":false},"excerpt":{"rendered":"<p>\u201cDen Puls des eigenen Herzens f\u00fchlen. Ruhe im Innern, Ruhe im \u00c4u\u00dfern. Wieder Atem holen lernen, das ist es.\u201d (Christian Morgenstern) Der Alltag \u2013 besonders w\u00e4hrend der Abschlussarbeit \u2013 kann hektisch und \u00fcberw\u00e4ltigend sein. Oft hetzen wir von einer Aufgabe zur n\u00e4chsten und versuchen, alles gleichzeitig zu erledigen. Unser K\u00f6rper ist angespannt, unsere Gedanken kreisen &hellip; <a href=\"https:\/\/statistics-guide.com\/en\/innehalten\/\" class=\"more-link\">Continue reading<span class=\"screen-reader-text\"> &#8220;Stress ad\u00e9&#8221;<\/span><\/a><\/p>\n","protected":false},"author":1,"featured_media":0,"parent":0,"menu_order":0,"comment_status":"closed","ping_status":"closed","template":"","meta":{"_monsterinsights_skip_tracking":false,"_monsterinsights_sitenote_active":false,"_monsterinsights_sitenote_note":"","_monsterinsights_sitenote_category":0,"footnotes":""},"class_list":["post-1063","page","type-page","status-publish","hentry"],"translation":{"provider":"WPGlobus","version":"3.0.2","language":"en","enabled_languages":["de","en"],"languages":{"de":{"title":true,"content":true,"excerpt":false},"en":{"title":false,"content":false,"excerpt":false}}},"yoast_head":"<!-- This site is optimized with the Yoast SEO plugin v27.4 - https:\/\/yoast.com\/product\/yoast-seo-wordpress\/ -->\n<title>Stress ad\u00e9 &#8226; Statistics Guide<\/title>\n<meta name=\"robots\" content=\"index, follow, max-snippet:-1, max-image-preview:large, max-video-preview:-1\" \/>\n<link rel=\"canonical\" href=\"https:\/\/statistics-guide.com\/innehalten\/\" \/>\n<meta property=\"og:locale\" content=\"en_US\" \/>\n<meta property=\"og:type\" content=\"article\" \/>\n<meta property=\"og:title\" content=\"Stress ad\u00e9 &#8226; Statistics Guide\" \/>\n<meta property=\"og:url\" content=\"https:\/\/statistics-guide.com\/innehalten\/\" \/>\n<meta property=\"og:site_name\" content=\"Statistics Guide\" \/>\n<meta property=\"article:modified_time\" content=\"2025-06-11T17:53:29+00:00\" \/>\n<meta property=\"og:image\" content=\"https:\/\/statistics-guide.com\/wp-content\/uploads\/2025\/03\/Flamingo-scaled-e1741095737654.jpg\" \/>\n\t<meta property=\"og:image:width\" content=\"1975\" \/>\n\t<meta property=\"og:image:height\" content=\"2540\" \/>\n\t<meta property=\"og:image:type\" content=\"image\/jpeg\" \/>\n<meta name=\"twitter:card\" content=\"summary_large_image\" \/>\n<meta name=\"twitter:label1\" content=\"Est. reading time\" \/>\n\t<meta name=\"twitter:data1\" content=\"3 minutes\" \/>\n<script type=\"application\/ld+json\" class=\"yoast-schema-graph\">{\"@context\":\"https:\\\/\\\/schema.org\",\"@graph\":[{\"@type\":\"WebPage\",\"@id\":\"https:\\\/\\\/statistics-guide.com\\\/innehalten\\\/\",\"url\":\"https:\\\/\\\/statistics-guide.com\\\/innehalten\\\/\",\"name\":\"Stress ad\u00e9 &#8226; Statistics Guide\",\"isPartOf\":{\"@id\":\"https:\\\/\\\/statistics-guide.com\\\/#website\"},\"primaryImageOfPage\":{\"@id\":\"https:\\\/\\\/statistics-guide.com\\\/innehalten\\\/#primaryimage\"},\"image\":{\"@id\":\"https:\\\/\\\/statistics-guide.com\\\/innehalten\\\/#primaryimage\"},\"thumbnailUrl\":\"https:\\\/\\\/statistics-guide.com\\\/wp-content\\\/uploads\\\/2025\\\/03\\\/Flamingo-802x1024.jpg\",\"datePublished\":\"2025-03-04T13:31:02+00:00\",\"dateModified\":\"2025-06-11T17:53:29+00:00\",\"breadcrumb\":{\"@id\":\"https:\\\/\\\/statistics-guide.com\\\/innehalten\\\/#breadcrumb\"},\"inLanguage\":\"en-US\",\"potentialAction\":[{\"@type\":\"ReadAction\",\"target\":[\"https:\\\/\\\/statistics-guide.com\\\/innehalten\\\/\"]}]},{\"@type\":\"ImageObject\",\"inLanguage\":\"en-US\",\"@id\":\"https:\\\/\\\/statistics-guide.com\\\/innehalten\\\/#primaryimage\",\"url\":\"https:\\\/\\\/statistics-guide.com\\\/wp-content\\\/uploads\\\/2025\\\/03\\\/Flamingo-802x1024.jpg\",\"contentUrl\":\"https:\\\/\\\/statistics-guide.com\\\/wp-content\\\/uploads\\\/2025\\\/03\\\/Flamingo-802x1024.jpg\"},{\"@type\":\"BreadcrumbList\",\"@id\":\"https:\\\/\\\/statistics-guide.com\\\/innehalten\\\/#breadcrumb\",\"itemListElement\":[{\"@type\":\"ListItem\",\"position\":1,\"name\":\"Startseite\",\"item\":\"https:\\\/\\\/statistics-guide.com\\\/\"},{\"@type\":\"ListItem\",\"position\":2,\"name\":\"Stress ad\u00e9\"}]},{\"@type\":\"WebSite\",\"@id\":\"https:\\\/\\\/statistics-guide.com\\\/#website\",\"url\":\"https:\\\/\\\/statistics-guide.com\\\/\",\"name\":\"Statistics Guide\",\"description\":\"Statistical Consulting &amp; Data Analysis\",\"publisher\":{\"@id\":\"https:\\\/\\\/statistics-guide.com\\\/#organization\"},\"potentialAction\":[{\"@type\":\"SearchAction\",\"target\":{\"@type\":\"EntryPoint\",\"urlTemplate\":\"https:\\\/\\\/statistics-guide.com\\\/?s={search_term_string}\"},\"query-input\":{\"@type\":\"PropertyValueSpecification\",\"valueRequired\":true,\"valueName\":\"search_term_string\"}}],\"inLanguage\":\"en-US\"},{\"@type\":\"Organization\",\"@id\":\"https:\\\/\\\/statistics-guide.com\\\/#organization\",\"name\":\"Statistics Guide\",\"url\":\"https:\\\/\\\/statistics-guide.com\\\/\",\"logo\":{\"@type\":\"ImageObject\",\"inLanguage\":\"en-US\",\"@id\":\"https:\\\/\\\/statistics-guide.com\\\/#\\\/schema\\\/logo\\\/image\\\/\",\"url\":\"https:\\\/\\\/statistics-guide.com\\\/wp-content\\\/uploads\\\/2018\\\/10\\\/Statistics_Guide.png\",\"contentUrl\":\"https:\\\/\\\/statistics-guide.com\\\/wp-content\\\/uploads\\\/2018\\\/10\\\/Statistics_Guide.png\",\"width\":503,\"height\":710,\"caption\":\"Statistics Guide\"},\"image\":{\"@id\":\"https:\\\/\\\/statistics-guide.com\\\/#\\\/schema\\\/logo\\\/image\\\/\"}}]}<\/script>\n<!-- \/ Yoast SEO plugin. -->","yoast_head_json":{"title":"Stress ad\u00e9 &#8226; Statistics Guide","robots":{"index":"index","follow":"follow","max-snippet":"max-snippet:-1","max-image-preview":"max-image-preview:large","max-video-preview":"max-video-preview:-1"},"canonical":"https:\/\/statistics-guide.com\/innehalten\/","og_locale":"en_US","og_type":"article","og_title":"Stress ad\u00e9 &#8226; Statistics Guide","og_url":"https:\/\/statistics-guide.com\/innehalten\/","og_site_name":"Statistics Guide","article_modified_time":"2025-06-11T17:53:29+00:00","og_image":[{"width":1975,"height":2540,"url":"https:\/\/statistics-guide.com\/wp-content\/uploads\/2025\/03\/Flamingo-scaled-e1741095737654.jpg","type":"image\/jpeg"}],"twitter_card":"summary_large_image","twitter_misc":{"Est. reading time":"3 minutes"},"schema":{"@context":"https:\/\/schema.org","@graph":[{"@type":"WebPage","@id":"https:\/\/statistics-guide.com\/innehalten\/","url":"https:\/\/statistics-guide.com\/innehalten\/","name":"Stress ad\u00e9 &#8226; Statistics Guide","isPartOf":{"@id":"https:\/\/statistics-guide.com\/#website"},"primaryImageOfPage":{"@id":"https:\/\/statistics-guide.com\/innehalten\/#primaryimage"},"image":{"@id":"https:\/\/statistics-guide.com\/innehalten\/#primaryimage"},"thumbnailUrl":"https:\/\/statistics-guide.com\/wp-content\/uploads\/2025\/03\/Flamingo-802x1024.jpg","datePublished":"2025-03-04T13:31:02+00:00","dateModified":"2025-06-11T17:53:29+00:00","breadcrumb":{"@id":"https:\/\/statistics-guide.com\/innehalten\/#breadcrumb"},"inLanguage":"en-US","potentialAction":[{"@type":"ReadAction","target":["https:\/\/statistics-guide.com\/innehalten\/"]}]},{"@type":"ImageObject","inLanguage":"en-US","@id":"https:\/\/statistics-guide.com\/innehalten\/#primaryimage","url":"https:\/\/statistics-guide.com\/wp-content\/uploads\/2025\/03\/Flamingo-802x1024.jpg","contentUrl":"https:\/\/statistics-guide.com\/wp-content\/uploads\/2025\/03\/Flamingo-802x1024.jpg"},{"@type":"BreadcrumbList","@id":"https:\/\/statistics-guide.com\/innehalten\/#breadcrumb","itemListElement":[{"@type":"ListItem","position":1,"name":"Startseite","item":"https:\/\/statistics-guide.com\/"},{"@type":"ListItem","position":2,"name":"Stress ad\u00e9"}]},{"@type":"WebSite","@id":"https:\/\/statistics-guide.com\/#website","url":"https:\/\/statistics-guide.com\/","name":"Statistics Guide","description":"Statistical Consulting &amp; Data Analysis","publisher":{"@id":"https:\/\/statistics-guide.com\/#organization"},"potentialAction":[{"@type":"SearchAction","target":{"@type":"EntryPoint","urlTemplate":"https:\/\/statistics-guide.com\/?s={search_term_string}"},"query-input":{"@type":"PropertyValueSpecification","valueRequired":true,"valueName":"search_term_string"}}],"inLanguage":"en-US"},{"@type":"Organization","@id":"https:\/\/statistics-guide.com\/#organization","name":"Statistics Guide","url":"https:\/\/statistics-guide.com\/","logo":{"@type":"ImageObject","inLanguage":"en-US","@id":"https:\/\/statistics-guide.com\/#\/schema\/logo\/image\/","url":"https:\/\/statistics-guide.com\/wp-content\/uploads\/2018\/10\/Statistics_Guide.png","contentUrl":"https:\/\/statistics-guide.com\/wp-content\/uploads\/2018\/10\/Statistics_Guide.png","width":503,"height":710,"caption":"Statistics Guide"},"image":{"@id":"https:\/\/statistics-guide.com\/#\/schema\/logo\/image\/"}}]}},"_links":{"self":[{"href":"https:\/\/statistics-guide.com\/en\/wp-json\/wp\/v2\/pages\/1063","targetHints":{"allow":["GET"]}}],"collection":[{"href":"https:\/\/statistics-guide.com\/en\/wp-json\/wp\/v2\/pages"}],"about":[{"href":"https:\/\/statistics-guide.com\/en\/wp-json\/wp\/v2\/types\/page"}],"author":[{"embeddable":true,"href":"https:\/\/statistics-guide.com\/en\/wp-json\/wp\/v2\/users\/1"}],"replies":[{"embeddable":true,"href":"https:\/\/statistics-guide.com\/en\/wp-json\/wp\/v2\/comments?post=1063"}],"version-history":[{"count":13,"href":"https:\/\/statistics-guide.com\/en\/wp-json\/wp\/v2\/pages\/1063\/revisions"}],"predecessor-version":[{"id":1100,"href":"https:\/\/statistics-guide.com\/en\/wp-json\/wp\/v2\/pages\/1063\/revisions\/1100"}],"wp:attachment":[{"href":"https:\/\/statistics-guide.com\/en\/wp-json\/wp\/v2\/media?parent=1063"}],"curies":[{"name":"wp","href":"https:\/\/api.w.org\/{rel}","templated":true}]}}