{"id":18,"date":"2018-05-17T14:38:31","date_gmt":"2018-05-17T14:38:31","guid":{"rendered":"http:\/\/methoden-statistik.de\/?page_id=18"},"modified":"2025-04-28T18:50:38","modified_gmt":"2025-04-28T18:50:38","slug":"ueber-mich","status":"publish","type":"page","link":"https:\/\/statistics-guide.com\/en\/ueber-mich\/","title":{"rendered":"About Myself"},"content":{"rendered":"<p>Nach meinem Studium der Psychologie habe ich acht Jahre an der Uni Jena geforscht und gelehrt. Heute nutze ich meine dort gewonnene Expertise und meine pers\u00f6nlichen Erfahrungen um Dich durch den Dschungel der statistischen Datenanalyse zu begleiten. Seit 2018 bin ich selbst\u00e4ndige Statistik-Beraterin und spezialisiert auf akademische Arbeiten.<\/p>\n<p>Statistik \u2013 schon das Wort l\u00e4sst viele Studierende (und auch Nicht-Studierende) zur\u00fcckschrecken. Gerade auch Studierende der Psychologie empfinden Statistik oftmals als notwendiges (oder auch unn\u00f6tiges) \u00dcbel. Da ich eine Vielzahl empirischer Abschlussarbeiten betreut und begutachtet habe, sind mir die damit verbundenen vielf\u00e4ltigen fachlichen und pers\u00f6nlichen Herausforderungen f\u00fcr Studierende bestens bekannt (diese kenne ich \u00fcbrigens auch aus eigener Erfahrung ;-).<\/p>\n<p>Daher ist es mir ein besonderes Anliegen, Statistik-Themen praxisnah und einfach zu vermitteln. Und es bereitet mir besondere Freude Studierende und Wissenschaftler f\u00fcr Statistik und die Analyse von Daten zu begeistern und zu erleben, wie meine Kunden ihre Skepsis oder Angst verlieren und sich mit Neugier und Spa\u00df durch den Dschungel der statistischen Datenanalyse vorantasten. Was Kunden zu meinem Service sagen, kannst du dir hier anschauen: <a href=\"https:\/\/statistics-guide.com\/kundenstimmen\/\" target=\"_blank\" rel=\"noopener noreferrer\">Kundenstimmen.<\/a><\/p>\n<p>Durch meine T\u00e4tigkeit als wissenschaftliche Mitarbeiterin an der Universit\u00e4t Jena habe ich langj\u00e4hrige Erfahrung in der Anwendung quantitativer Forschungsmethoden. Ich habe ich eine Vielzahl korrelativer Studien, Experimente und Meta-Analysen durchgef\u00fchrt, ausgewertet und Forschungsergebnisse national und international pr\u00e4sentiert und publiziert (Eine Liste meiner Publikationen findest Du <a href=\"https:\/\/statistics-guide.com\/wp-content\/uploads\/2020\/11\/Publikationen_Jutta_Proch.pdf\" target=\"_blank\" rel=\"noopener noreferrer\">hier<\/a>.)\u00a0Daher kenne ich nicht nur die theoretischen, sondern auch die praktischen Herausforderungen und auch Stolpersteine der empirischen Forschung sehr genau.<\/p>\n<p>Gerne begleite ich auch Dich durch den Statistik Dschungel und helfe Dir Deine Abschlussarbeit oder Dein Forschungsprojekt erfolgreich fertig zu stellen.<\/p>\n<p>In meiner Freizeit liebe ich es, nicht nur den (Statistik-) Dschungel, sondern auch andere Gefilde, wie das Meer oder die W\u00fcste, zu erkunden und fotografisch festzuhalten. Besonders die Vogelwelt hat es mir dabei angetan (<a href=\"https:\/\/www.vogelwelt-entdecken.com\/\">vogelwelt-entdecken.de<\/a>). Ich liebe ich es drau\u00dfen zu sein und Neues, in nah und fern, zu Fu\u00df oder mit dem Rad zu entdecken. Und sowohl beruflich als auch privat lautet mein Motto: Poco a Poco \u2013 Schritt f\u00fcr Schritt.<\/p>\n<h2><span style=\"font-size: 14pt;\">Meine berufliche Erfahrung<\/span><\/h2>\n<ul>\n<li>seit 2018 selbst\u00e4ndige Statistikberaterin<\/li>\n<li>Statistik Coach im Dozenten-Netzwerk <a href=\"https:\/\/studi-lektor.de\/mentoren\/statistik-mathematik.html\" target=\"_blank\" rel=\"noopener noreferrer\">studi-lektor<\/a><\/li>\n<li>Trainerin f\u00fcr Statistik (4 w\u00f6chiger Onlinekurs) bei <a href=\"https:\/\/www.alfatraining.de\/gefoerderte-weiterbildung\/\" target=\"_blank\" rel=\"noopener noreferrer\">alfatraining<\/a><\/li>\n<li>fast 10-j\u00e4hrige T\u00e4tigkeit als Wissenschaftlerin und Dozentin an der Universit\u00e4t Jena (Fachbereich Psychologie)<br \/>\n\u221a Anwendung quantitativer Forschungsmethoden (Korrelative Studien, Umfragen, psychologische Experimente &#8211; offline &amp; online) &#8211;\u00a0<a href=\"https:\/\/statistics-guide.com\/wp-content\/uploads\/2020\/11\/Publikationen_Jutta_Proch.pdf\" target=\"_blank\" rel=\"noopener noreferrer\">Liste meiner Publikationen<\/a><br \/>\n\u221a Datenanalyse und Grafikerstellung mit R \/ SPSS<br \/>\n\u221a Meta-Analyse<br \/>\n\u221a universit\u00e4re Lehre, v.a. Vermittlung quantitativer Forschungsmethoden<br \/>\n\u221a Betreuung und Begutachtung empirischer Abschlussarbeiten<\/li>\n<li>Stress- und Konfliktmanagement<\/li>\n<\/ul>\n<h2><span style=\"font-size: 14pt;\">Meine Qualifikationen<\/span><\/h2>\n<ul>\n<li>2013: Promotion im Fach Psychologie an der Universit\u00e4t Jena (Meta-Analyse zum Thema: Welche Rolle spielt unsere Pers\u00f6nlichkeit bei der Entwicklung von Vorurteilen, Diskriminierung und Toleranz?)<\/li>\n<li>2007: Diplom-Psychologin (Universit\u00e4t Jena)<\/li>\n<li>2016: Weiterbildung zur Trainerin f\u00fcr Stressmanagement<\/li>\n<li>2017: Weiterbildung zur Mediatorin<\/li>\n<\/ul>\n","protected":false},"excerpt":{"rendered":"<p>Nach meinem Studium der Psychologie habe ich acht Jahre an der Uni Jena geforscht und gelehrt. Heute nutze ich meine dort gewonnene Expertise und meine pers\u00f6nlichen Erfahrungen um Dich durch den Dschungel der statistischen Datenanalyse zu begleiten. Seit 2018 bin ich selbst\u00e4ndige Statistik-Beraterin und spezialisiert auf akademische Arbeiten. Statistik \u2013 schon das Wort l\u00e4sst viele &hellip; <a href=\"https:\/\/statistics-guide.com\/en\/ueber-mich\/\" class=\"more-link\">Continue reading<span class=\"screen-reader-text\"> &#8220;About Myself&#8221;<\/span><\/a><\/p>\n","protected":false},"author":1,"featured_media":0,"parent":0,"menu_order":0,"comment_status":"closed","ping_status":"closed","template":"","meta":{"_monsterinsights_skip_tracking":false,"_monsterinsights_sitenote_active":false,"_monsterinsights_sitenote_note":"","_monsterinsights_sitenote_category":0,"footnotes":""},"class_list":["post-18","page","type-page","status-publish","hentry"],"translation":{"provider":"WPGlobus","version":"3.0.2","language":"en","enabled_languages":["de","en"],"languages":{"de":{"title":true,"content":true,"excerpt":false},"en":{"title":true,"content":true,"excerpt":false}}},"yoast_head":"<!-- This site is optimized with the Yoast SEO plugin v27.5 - https:\/\/yoast.com\/product\/yoast-seo-wordpress\/ -->\n<title>My Expertise \u2022 STATISTICS GUIDE<\/title>\n<meta name=\"description\" content=\"many years of experience in academic research and data analysis with R \u2022 teaching quantitiative research methods \u2022 supervising and reviewing theses\" \/>\n<meta name=\"robots\" content=\"index, follow, max-snippet:-1, max-image-preview:large, max-video-preview:-1\" \/>\n<link rel=\"canonical\" href=\"https:\/\/statistics-guide.com\/ueber-mich\/\" \/>\n<meta property=\"og:locale\" content=\"en_US\" \/>\n<meta property=\"og:type\" content=\"article\" \/>\n<meta property=\"og:title\" content=\"My Expertise \u2022 STATISTICS GUIDE\" \/>\n<meta property=\"og:description\" content=\"many years of experience in academic research and data analysis with R \u2022 teaching quantitiative research methods \u2022 supervising and reviewing theses\" \/>\n<meta property=\"og:url\" content=\"https:\/\/statistics-guide.com\/ueber-mich\/\" \/>\n<meta property=\"og:site_name\" content=\"Statistics Guide\" \/>\n<meta property=\"article:modified_time\" content=\"2025-04-28T18:50:38+00:00\" \/>\n<meta name=\"twitter:card\" content=\"summary_large_image\" \/>\n<meta name=\"twitter:label1\" content=\"Est. reading time\" \/>\n\t<meta name=\"twitter:data1\" content=\"3 minutes\" \/>\n<script type=\"application\/ld+json\" class=\"yoast-schema-graph\">{\"@context\":\"https:\\\/\\\/schema.org\",\"@graph\":[{\"@type\":\"WebPage\",\"@id\":\"https:\\\/\\\/statistics-guide.com\\\/ueber-mich\\\/\",\"url\":\"https:\\\/\\\/statistics-guide.com\\\/ueber-mich\\\/\",\"name\":\"Meine Expertise \u2022 STATISTICS GUIDE\",\"isPartOf\":{\"@id\":\"https:\\\/\\\/statistics-guide.com\\\/#website\"},\"datePublished\":\"2018-05-17T14:38:31+00:00\",\"dateModified\":\"2025-04-28T18:50:38+00:00\",\"description\":\"langj\u00e4hrige Erfahrung in der akademischen Forschung und Datenanalyse mit R \u2022 Dozentin in der universit\u00e4ren Lehre \u2022 Betreuung von Abschlussarbeiten\",\"breadcrumb\":{\"@id\":\"https:\\\/\\\/statistics-guide.com\\\/ueber-mich\\\/#breadcrumb\"},\"inLanguage\":\"en-US\",\"potentialAction\":[{\"@type\":\"ReadAction\",\"target\":[\"https:\\\/\\\/statistics-guide.com\\\/ueber-mich\\\/\"]}]},{\"@type\":\"BreadcrumbList\",\"@id\":\"https:\\\/\\\/statistics-guide.com\\\/ueber-mich\\\/#breadcrumb\",\"itemListElement\":[{\"@type\":\"ListItem\",\"position\":1,\"name\":\"Startseite\",\"item\":\"https:\\\/\\\/statistics-guide.com\\\/\"},{\"@type\":\"ListItem\",\"position\":2,\"name\":\"\u00dcber mich\"}]},{\"@type\":\"WebSite\",\"@id\":\"https:\\\/\\\/statistics-guide.com\\\/#website\",\"url\":\"https:\\\/\\\/statistics-guide.com\\\/\",\"name\":\"Statistics Guide\",\"description\":\"Statistical Consulting &amp; Data Analysis\",\"publisher\":{\"@id\":\"https:\\\/\\\/statistics-guide.com\\\/#organization\"},\"potentialAction\":[{\"@type\":\"SearchAction\",\"target\":{\"@type\":\"EntryPoint\",\"urlTemplate\":\"https:\\\/\\\/statistics-guide.com\\\/?s={search_term_string}\"},\"query-input\":{\"@type\":\"PropertyValueSpecification\",\"valueRequired\":true,\"valueName\":\"search_term_string\"}}],\"inLanguage\":\"en-US\"},{\"@type\":\"Organization\",\"@id\":\"https:\\\/\\\/statistics-guide.com\\\/#organization\",\"name\":\"Statistics Guide\",\"url\":\"https:\\\/\\\/statistics-guide.com\\\/\",\"logo\":{\"@type\":\"ImageObject\",\"inLanguage\":\"en-US\",\"@id\":\"https:\\\/\\\/statistics-guide.com\\\/#\\\/schema\\\/logo\\\/image\\\/\",\"url\":\"https:\\\/\\\/statistics-guide.com\\\/wp-content\\\/uploads\\\/2018\\\/10\\\/Statistics_Guide.png\",\"contentUrl\":\"https:\\\/\\\/statistics-guide.com\\\/wp-content\\\/uploads\\\/2018\\\/10\\\/Statistics_Guide.png\",\"width\":503,\"height\":710,\"caption\":\"Statistics Guide\"},\"image\":{\"@id\":\"https:\\\/\\\/statistics-guide.com\\\/#\\\/schema\\\/logo\\\/image\\\/\"}}]}<\/script>\n<!-- \/ Yoast SEO plugin. -->","yoast_head_json":{"title":"My Expertise \u2022 STATISTICS GUIDE","description":"many years of experience in academic research and data analysis with R \u2022 teaching quantitiative research methods \u2022 supervising and reviewing theses","robots":{"index":"index","follow":"follow","max-snippet":"max-snippet:-1","max-image-preview":"max-image-preview:large","max-video-preview":"max-video-preview:-1"},"canonical":"https:\/\/statistics-guide.com\/ueber-mich\/","og_locale":"en_US","og_type":"article","og_title":"My Expertise \u2022 STATISTICS GUIDE","og_description":"many years of experience in academic research and data analysis with R \u2022 teaching quantitiative research methods \u2022 supervising and reviewing theses","og_url":"https:\/\/statistics-guide.com\/ueber-mich\/","og_site_name":"Statistics Guide","article_modified_time":"2025-04-28T18:50:38+00:00","twitter_card":"summary_large_image","twitter_misc":{"Est. reading time":"3 minutes"},"schema":{"@context":"https:\/\/schema.org","@graph":[{"@type":"WebPage","@id":"https:\/\/statistics-guide.com\/ueber-mich\/","url":"https:\/\/statistics-guide.com\/ueber-mich\/","name":"Meine Expertise \u2022 STATISTICS GUIDE","isPartOf":{"@id":"https:\/\/statistics-guide.com\/#website"},"datePublished":"2018-05-17T14:38:31+00:00","dateModified":"2025-04-28T18:50:38+00:00","description":"langj\u00e4hrige Erfahrung in der akademischen Forschung und Datenanalyse mit R \u2022 Dozentin in der universit\u00e4ren Lehre \u2022 Betreuung von Abschlussarbeiten","breadcrumb":{"@id":"https:\/\/statistics-guide.com\/ueber-mich\/#breadcrumb"},"inLanguage":"en-US","potentialAction":[{"@type":"ReadAction","target":["https:\/\/statistics-guide.com\/ueber-mich\/"]}]},{"@type":"BreadcrumbList","@id":"https:\/\/statistics-guide.com\/ueber-mich\/#breadcrumb","itemListElement":[{"@type":"ListItem","position":1,"name":"Startseite","item":"https:\/\/statistics-guide.com\/"},{"@type":"ListItem","position":2,"name":"\u00dcber mich"}]},{"@type":"WebSite","@id":"https:\/\/statistics-guide.com\/#website","url":"https:\/\/statistics-guide.com\/","name":"Statistics Guide","description":"Statistical Consulting &amp; Data Analysis","publisher":{"@id":"https:\/\/statistics-guide.com\/#organization"},"potentialAction":[{"@type":"SearchAction","target":{"@type":"EntryPoint","urlTemplate":"https:\/\/statistics-guide.com\/?s={search_term_string}"},"query-input":{"@type":"PropertyValueSpecification","valueRequired":true,"valueName":"search_term_string"}}],"inLanguage":"en-US"},{"@type":"Organization","@id":"https:\/\/statistics-guide.com\/#organization","name":"Statistics Guide","url":"https:\/\/statistics-guide.com\/","logo":{"@type":"ImageObject","inLanguage":"en-US","@id":"https:\/\/statistics-guide.com\/#\/schema\/logo\/image\/","url":"https:\/\/statistics-guide.com\/wp-content\/uploads\/2018\/10\/Statistics_Guide.png","contentUrl":"https:\/\/statistics-guide.com\/wp-content\/uploads\/2018\/10\/Statistics_Guide.png","width":503,"height":710,"caption":"Statistics Guide"},"image":{"@id":"https:\/\/statistics-guide.com\/#\/schema\/logo\/image\/"}}]}},"_links":{"self":[{"href":"https:\/\/statistics-guide.com\/en\/wp-json\/wp\/v2\/pages\/18","targetHints":{"allow":["GET"]}}],"collection":[{"href":"https:\/\/statistics-guide.com\/en\/wp-json\/wp\/v2\/pages"}],"about":[{"href":"https:\/\/statistics-guide.com\/en\/wp-json\/wp\/v2\/types\/page"}],"author":[{"embeddable":true,"href":"https:\/\/statistics-guide.com\/en\/wp-json\/wp\/v2\/users\/1"}],"replies":[{"embeddable":true,"href":"https:\/\/statistics-guide.com\/en\/wp-json\/wp\/v2\/comments?post=18"}],"version-history":[{"count":94,"href":"https:\/\/statistics-guide.com\/en\/wp-json\/wp\/v2\/pages\/18\/revisions"}],"predecessor-version":[{"id":1095,"href":"https:\/\/statistics-guide.com\/en\/wp-json\/wp\/v2\/pages\/18\/revisions\/1095"}],"wp:attachment":[{"href":"https:\/\/statistics-guide.com\/en\/wp-json\/wp\/v2\/media?parent=18"}],"curies":[{"name":"wp","href":"https:\/\/api.w.org\/{rel}","templated":true}]}}