{"id":22,"date":"2018-05-17T14:39:30","date_gmt":"2018-05-17T14:39:30","guid":{"rendered":"http:\/\/methoden-statistik.de\/?page_id=22"},"modified":"2018-12-12T17:32:43","modified_gmt":"2018-12-12T17:32:43","slug":"impressum","status":"publish","type":"page","link":"https:\/\/statistics-guide.com\/en\/impressum\/","title":{"rendered":"Impressum"},"content":{"rendered":"<p><strong>Angaben gem\u00e4\u00df \u00a7 5 TMG<\/strong><br \/>\nDr. Jutta Proch<br \/>\nStatistics Guide<br \/>\nStatistik Beratung &amp; Datenanalyse<br \/>\nLohfelder Str. 58<br \/>\n53604 Bad Honnef<\/p>\n<p><strong>Kontakt<\/strong><br \/>\nTelefon: +4922249764501<br \/>\nE-Mail: jutta.proch@statistics-guide.com<\/p>\n<p><strong>Umsatzsteuer<\/strong><br \/>\nUmsatzsteuer-Identifikationsnummer gem\u00e4\u00df \u00a727 a Umsatzsteuergesetz:<br \/>\nDE319167553<\/p>\n<p><strong>Haftung f\u00fcr Inhalte<\/strong><br \/>\nAls Diensteanbieter sind wir gem\u00e4\u00df \u00a7 7 Abs.1 TMG f\u00fcr eigene Inhalte auf diesen Seiten nach den allgemeinen Gesetzen verantwortlich. Nach \u00a7\u00a7 8 bis 10 TMG sind wir als Diensteanbieter jedoch nicht verpflichtet, \u00fcbermittelte oder gespeicherte fremde Informationen zu \u00fcberwachen oder nach Umst\u00e4nden zu forschen, die auf eine rechtswidrige T\u00e4tigkeit hinweisen. Verpflichtungen zur Entfernung oder Sperrung der Nutzung von Informationen nach den allgemeinen Gesetzen bleiben hiervon unber\u00fchrt. Eine diesbez\u00fcgliche Haftung ist jedoch erst ab dem Zeitpunkt der<br \/>\nKenntnis einer konkreten Rechtsverletzung m\u00f6glich. Bei Bekanntwerden von entsprechenden Rechtsverletzungen werden wir diese Inhalte umgehend entfernen.<\/p>\n<p><strong>Haftung f\u00fcr Links<\/strong><br \/>\nUnser Angebot enth\u00e4lt Links zu externen Websites Dritter, auf deren Inhalte wir keinen Einfluss haben. Deshalb k\u00f6nnen wir f\u00fcr diese fremden Inhalte auch keine Gew\u00e4hr \u00fcbernehmen. F\u00fcr die Inhalte der verlinkten Seiten ist stets der jeweilige Anbieter oder Betreiber der Seiten verantwortlich. Die verlinkten Seiten wurden zum Zeitpunkt der Verlinkung auf m\u00f6gliche Rechtsverst\u00f6\u00dfe \u00fcberpr\u00fcft. Rechtswidrige Inhalte waren zum Zeitpunkt der Verlinkung nicht erkennbar. Eine permanente inhaltliche Kontrolle der verlinkten Seiten ist jedoch ohne konkrete Anhaltspunkte einer Rechtsverletzung nicht zumutbar. Bei Bekanntwerden von Rechtsverletzungen werden wir derartige Links umgehend entfernen.<\/p>\n<p><strong>Urheberrecht<\/strong><br \/>\nDie durch die Seitenbetreiber erstellten Inhalte und Werke auf diesen Seiten unterliegen dem deutschen Urheberrecht. Die Vervielf\u00e4ltigung, Bearbeitung, Verbreitung und jede Art der Verwertung au\u00dferhalb der Grenzen des Urheberrechtes bed\u00fcrfen der schriftlichen Zustimmung des jeweiligen Autors bzw. Erstellers. Downloads und Kopien dieser Seite sind nur f\u00fcr den privaten, nicht kommerziellen Gebrauch gestattet. Soweit die Inhalte auf dieser Seite nicht vom Betreiber erstellt wurden, werden die Urheberrechte Dritter beachtet. Insbesondere werden Inhalte Dritter als solche gekennzeichnet. Sollten Sie trotzdem auf eine Urheberrechtsverletzung aufmerksam werden, bitten wir um einen entsprechenden Hinweis. Bei Bekanntwerden von Rechtsverletzungen werden wir derartige Inhalte umgehend entfernen.<\/p>\n<p>Quelle: https:\/\/www.e-recht24.de<\/p>\n","protected":false},"excerpt":{"rendered":"<p>Angaben gem\u00e4\u00df \u00a7 5 TMG Dr. Jutta Proch Statistics Guide Statistik Beratung &amp; Datenanalyse Lohfelder Str. 58 53604 Bad Honnef Kontakt Telefon: +4922249764501 E-Mail: jutta.proch@statistics-guide.com Umsatzsteuer Umsatzsteuer-Identifikationsnummer gem\u00e4\u00df \u00a727 a Umsatzsteuergesetz: DE319167553 Haftung f\u00fcr Inhalte Als Diensteanbieter sind wir gem\u00e4\u00df \u00a7 7 Abs.1 TMG f\u00fcr eigene Inhalte auf diesen Seiten nach den allgemeinen Gesetzen verantwortlich. &hellip; <a href=\"https:\/\/statistics-guide.com\/en\/impressum\/\" class=\"more-link\">Continue reading<span class=\"screen-reader-text\"> &#8220;Impressum&#8221;<\/span><\/a><\/p>\n","protected":false},"author":1,"featured_media":0,"parent":0,"menu_order":0,"comment_status":"closed","ping_status":"closed","template":"","meta":{"_monsterinsights_skip_tracking":false,"_monsterinsights_sitenote_active":false,"_monsterinsights_sitenote_note":"","_monsterinsights_sitenote_category":0,"footnotes":""},"class_list":["post-22","page","type-page","status-publish","hentry"],"translation":{"provider":"WPGlobus","version":"3.0.2","language":"en","enabled_languages":["de","en"],"languages":{"de":{"title":true,"content":true,"excerpt":false},"en":{"title":false,"content":false,"excerpt":false}}},"yoast_head":"<!-- This site is optimized with the Yoast SEO plugin v27.5 - https:\/\/yoast.com\/product\/yoast-seo-wordpress\/ -->\n<title>Site Notice \u2022 STATISTICS GUIDE<\/title>\n<meta name=\"description\" content=\"Statistics Guide \u2022 Dr. Jutta Proch \u2022 Statistical Consulting &amp; Data Analysis\" \/>\n<meta name=\"robots\" content=\"index, follow, max-snippet:-1, max-image-preview:large, max-video-preview:-1\" \/>\n<link rel=\"canonical\" href=\"https:\/\/statistics-guide.com\/impressum\/\" \/>\n<meta property=\"og:locale\" content=\"en_US\" \/>\n<meta property=\"og:type\" content=\"article\" \/>\n<meta property=\"og:title\" content=\"Site Notice \u2022 STATISTICS GUIDE\" \/>\n<meta property=\"og:description\" content=\"Statistics Guide \u2022 Dr. Jutta Proch \u2022 Statistical Consulting &amp; Data Analysis\" \/>\n<meta property=\"og:url\" content=\"https:\/\/statistics-guide.com\/impressum\/\" \/>\n<meta property=\"og:site_name\" content=\"Statistics Guide\" \/>\n<meta property=\"article:modified_time\" content=\"2018-12-12T17:32:43+00:00\" \/>\n<meta name=\"twitter:card\" content=\"summary_large_image\" \/>\n<meta name=\"twitter:label1\" content=\"Est. reading time\" \/>\n\t<meta name=\"twitter:data1\" content=\"2 minutes\" \/>\n<script type=\"application\/ld+json\" class=\"yoast-schema-graph\">{\"@context\":\"https:\\\/\\\/schema.org\",\"@graph\":[{\"@type\":\"WebPage\",\"@id\":\"https:\\\/\\\/statistics-guide.com\\\/impressum\\\/\",\"url\":\"https:\\\/\\\/statistics-guide.com\\\/impressum\\\/\",\"name\":\"Impressum \u2022 STATISTICS GUIDE\",\"isPartOf\":{\"@id\":\"https:\\\/\\\/statistics-guide.com\\\/#website\"},\"datePublished\":\"2018-05-17T14:39:30+00:00\",\"dateModified\":\"2018-12-12T17:32:43+00:00\",\"description\":\"Statistics Guide \u2022 Dr. Jutta Proch \u2022 Statistical Consulting & Data Analysis\",\"breadcrumb\":{\"@id\":\"https:\\\/\\\/statistics-guide.com\\\/impressum\\\/#breadcrumb\"},\"inLanguage\":\"en-US\",\"potentialAction\":[{\"@type\":\"ReadAction\",\"target\":[\"https:\\\/\\\/statistics-guide.com\\\/impressum\\\/\"]}]},{\"@type\":\"BreadcrumbList\",\"@id\":\"https:\\\/\\\/statistics-guide.com\\\/impressum\\\/#breadcrumb\",\"itemListElement\":[{\"@type\":\"ListItem\",\"position\":1,\"name\":\"Startseite\",\"item\":\"https:\\\/\\\/statistics-guide.com\\\/\"},{\"@type\":\"ListItem\",\"position\":2,\"name\":\"Impressum\"}]},{\"@type\":\"WebSite\",\"@id\":\"https:\\\/\\\/statistics-guide.com\\\/#website\",\"url\":\"https:\\\/\\\/statistics-guide.com\\\/\",\"name\":\"Statistics Guide\",\"description\":\"Statistical Consulting &amp; Data Analysis\",\"publisher\":{\"@id\":\"https:\\\/\\\/statistics-guide.com\\\/#organization\"},\"potentialAction\":[{\"@type\":\"SearchAction\",\"target\":{\"@type\":\"EntryPoint\",\"urlTemplate\":\"https:\\\/\\\/statistics-guide.com\\\/?s={search_term_string}\"},\"query-input\":{\"@type\":\"PropertyValueSpecification\",\"valueRequired\":true,\"valueName\":\"search_term_string\"}}],\"inLanguage\":\"en-US\"},{\"@type\":\"Organization\",\"@id\":\"https:\\\/\\\/statistics-guide.com\\\/#organization\",\"name\":\"Statistics Guide\",\"url\":\"https:\\\/\\\/statistics-guide.com\\\/\",\"logo\":{\"@type\":\"ImageObject\",\"inLanguage\":\"en-US\",\"@id\":\"https:\\\/\\\/statistics-guide.com\\\/#\\\/schema\\\/logo\\\/image\\\/\",\"url\":\"https:\\\/\\\/statistics-guide.com\\\/wp-content\\\/uploads\\\/2018\\\/10\\\/Statistics_Guide.png\",\"contentUrl\":\"https:\\\/\\\/statistics-guide.com\\\/wp-content\\\/uploads\\\/2018\\\/10\\\/Statistics_Guide.png\",\"width\":503,\"height\":710,\"caption\":\"Statistics Guide\"},\"image\":{\"@id\":\"https:\\\/\\\/statistics-guide.com\\\/#\\\/schema\\\/logo\\\/image\\\/\"}}]}<\/script>\n<!-- \/ Yoast SEO plugin. -->","yoast_head_json":{"title":"Site Notice \u2022 STATISTICS GUIDE","description":"Statistics Guide \u2022 Dr. Jutta Proch \u2022 Statistical Consulting & Data Analysis","robots":{"index":"index","follow":"follow","max-snippet":"max-snippet:-1","max-image-preview":"max-image-preview:large","max-video-preview":"max-video-preview:-1"},"canonical":"https:\/\/statistics-guide.com\/impressum\/","og_locale":"en_US","og_type":"article","og_title":"Site Notice \u2022 STATISTICS GUIDE","og_description":"Statistics Guide \u2022 Dr. Jutta Proch \u2022 Statistical Consulting & Data Analysis","og_url":"https:\/\/statistics-guide.com\/impressum\/","og_site_name":"Statistics Guide","article_modified_time":"2018-12-12T17:32:43+00:00","twitter_card":"summary_large_image","twitter_misc":{"Est. reading time":"2 minutes"},"schema":{"@context":"https:\/\/schema.org","@graph":[{"@type":"WebPage","@id":"https:\/\/statistics-guide.com\/impressum\/","url":"https:\/\/statistics-guide.com\/impressum\/","name":"Impressum \u2022 STATISTICS GUIDE","isPartOf":{"@id":"https:\/\/statistics-guide.com\/#website"},"datePublished":"2018-05-17T14:39:30+00:00","dateModified":"2018-12-12T17:32:43+00:00","description":"Statistics Guide \u2022 Dr. Jutta Proch \u2022 Statistical Consulting & Data Analysis","breadcrumb":{"@id":"https:\/\/statistics-guide.com\/impressum\/#breadcrumb"},"inLanguage":"en-US","potentialAction":[{"@type":"ReadAction","target":["https:\/\/statistics-guide.com\/impressum\/"]}]},{"@type":"BreadcrumbList","@id":"https:\/\/statistics-guide.com\/impressum\/#breadcrumb","itemListElement":[{"@type":"ListItem","position":1,"name":"Startseite","item":"https:\/\/statistics-guide.com\/"},{"@type":"ListItem","position":2,"name":"Impressum"}]},{"@type":"WebSite","@id":"https:\/\/statistics-guide.com\/#website","url":"https:\/\/statistics-guide.com\/","name":"Statistics Guide","description":"Statistical Consulting &amp; Data Analysis","publisher":{"@id":"https:\/\/statistics-guide.com\/#organization"},"potentialAction":[{"@type":"SearchAction","target":{"@type":"EntryPoint","urlTemplate":"https:\/\/statistics-guide.com\/?s={search_term_string}"},"query-input":{"@type":"PropertyValueSpecification","valueRequired":true,"valueName":"search_term_string"}}],"inLanguage":"en-US"},{"@type":"Organization","@id":"https:\/\/statistics-guide.com\/#organization","name":"Statistics Guide","url":"https:\/\/statistics-guide.com\/","logo":{"@type":"ImageObject","inLanguage":"en-US","@id":"https:\/\/statistics-guide.com\/#\/schema\/logo\/image\/","url":"https:\/\/statistics-guide.com\/wp-content\/uploads\/2018\/10\/Statistics_Guide.png","contentUrl":"https:\/\/statistics-guide.com\/wp-content\/uploads\/2018\/10\/Statistics_Guide.png","width":503,"height":710,"caption":"Statistics Guide"},"image":{"@id":"https:\/\/statistics-guide.com\/#\/schema\/logo\/image\/"}}]}},"_links":{"self":[{"href":"https:\/\/statistics-guide.com\/en\/wp-json\/wp\/v2\/pages\/22","targetHints":{"allow":["GET"]}}],"collection":[{"href":"https:\/\/statistics-guide.com\/en\/wp-json\/wp\/v2\/pages"}],"about":[{"href":"https:\/\/statistics-guide.com\/en\/wp-json\/wp\/v2\/types\/page"}],"author":[{"embeddable":true,"href":"https:\/\/statistics-guide.com\/en\/wp-json\/wp\/v2\/users\/1"}],"replies":[{"embeddable":true,"href":"https:\/\/statistics-guide.com\/en\/wp-json\/wp\/v2\/comments?post=22"}],"version-history":[{"count":12,"href":"https:\/\/statistics-guide.com\/en\/wp-json\/wp\/v2\/pages\/22\/revisions"}],"predecessor-version":[{"id":662,"href":"https:\/\/statistics-guide.com\/en\/wp-json\/wp\/v2\/pages\/22\/revisions\/662"}],"wp:attachment":[{"href":"https:\/\/statistics-guide.com\/en\/wp-json\/wp\/v2\/media?parent=22"}],"curies":[{"name":"wp","href":"https:\/\/api.w.org\/{rel}","templated":true}]}}